{"id":646,"date":"2017-06-26T14:07:05","date_gmt":"2017-06-26T14:07:05","guid":{"rendered":"http:\/\/dummy.xtemos.com\/woodmart-elementor\/demos\/?page_id=646"},"modified":"2021-08-21T04:02:08","modified_gmt":"2021-08-21T04:02:08","slug":"contact-us","status":"publish","type":"page","link":"https:\/\/foodiesdarkitchen.com\/index.php\/contact-us\/","title":{"rendered":"Contact Us"},"content":{"rendered":"<link rel=\"stylesheet\" id=\"wd-section-title-css\" href=\"http:\/\/foodiesdarkitchen.com\/wp-content\/themes\/woodmart\/css\/parts\/el-section-title.min.css?ver=6.1.4\" type=\"text\/css\" media=\"all\">\n\t\t\t\t\tSecci\u00f3n de ayuda<\/p>\n<h4>Preguntas Frecuentes<\/h4>\n<p><a href=\"\">\u00bfD\u00f3nde esta su tienda?<\/a><br \/>\nFoodies es una tienda que apuesta por compartir el vino mexicano con todos, sin importar donde te encuentres. Por lo tanto nuestra tienda est\u00e1 disponible \u00fanicamente en l\u00ednea.<br \/>\n<a href=\"\">Cu\u00e1l es su cobertura?<\/a><br \/>\nEnviamos a todo M\u00e9xico, de acuerdo a la disponibilidad de nuestros proveedores externos.<br \/>\n<a href=\"\">C\u00f3mo puedo pagar?<\/a><br \/>\nAceptamos pagos con Visa, Mastercard, Amex, Paypal y Oxxo<br \/>\n<a href=\"\">Tiempo de entrega?<\/a><br \/>\nLos pedidos llegan el mismo d\u00eda en la CDMX si hiciste tu pedido antes de las 14:00 horas; o bien, llegar\u00e1 en el transcurso del d\u00eda siguiente.Una vez realizado tu pedido te mandaremos el recibo de compra y el n\u00famero de seguimiento.<\/p>\n<p>Escr\u00edbenos para m\u00e1s informes<\/p>\n<h4>TIENES M\u00c1S DUDAS?<\/h4>\n<p role=\"status\" aria-live=\"polite\" aria-atomic=\"true\">\n<ul><\/ul>\n<form action=\"\/wp-admin\/admin-ajax.php#wpcf7-f608-o1\" method=\"post\" novalidate=\"novalidate\" data-status=\"init\">\n<input type=\"hidden\" name=\"_wpcf7\" value=\"608\"><br \/>\n<input type=\"hidden\" name=\"_wpcf7_version\" value=\"5.4.1\"><br \/>\n<input type=\"hidden\" name=\"_wpcf7_locale\" value=\"en_US\"><br \/>\n<input type=\"hidden\" name=\"_wpcf7_unit_tag\" value=\"wpcf7-f608-o1\"><br \/>\n<input type=\"hidden\" name=\"_wpcf7_container_post\" value=\"0\"><br \/>\n<input type=\"hidden\" name=\"_wpcf7_posted_data_hash\" value=\"\"><br \/>\n<label>Your Name<\/label><input type=\"text\" name=\"your-name\" value=\"\" size=\"40\" aria-required=\"true\" aria-invalid=\"false\"><br \/>\n<label>Your Email<\/label><input type=\"email\" name=\"your-email\" value=\"\" size=\"40\" aria-required=\"true\" aria-invalid=\"false\"><br \/>\n<label>Phone Number<\/label><input type=\"tel\" name=\"tel-767\" value=\"\" size=\"40\" aria-invalid=\"false\"><br \/>\n<label>Company<\/label><input type=\"text\" name=\"text-1\" value=\"\" size=\"40\" aria-invalid=\"false\"><\/p>\n<p><label>Your Message<\/label><textarea name=\"your-message\" cols=\"40\" rows=\"10\" aria-invalid=\"false\"><\/textarea><\/p>\n<p><input type=\"submit\" value=\"ASK A QUESTION\"><\/p>\n<\/form>\n","protected":false},"excerpt":{"rendered":"<p>Secci\u00f3n de ayuda Preguntas Frecuentes \u00bfD\u00f3nde esta su tienda? Foodies es una tienda que apuesta por compartir el vino mexicano<\/p>\n","protected":false},"author":1,"featured_media":0,"parent":0,"menu_order":0,"comment_status":"closed","ping_status":"closed","template":"","meta":{"om_disable_all_campaigns":false,"_monsterinsights_skip_tracking":false,"_monsterinsights_sitenote_active":false,"_monsterinsights_sitenote_note":"","_monsterinsights_sitenote_category":0,"footnotes":""},"_links":{"self":[{"href":"https:\/\/foodiesdarkitchen.com\/index.php\/wp-json\/wp\/v2\/pages\/646"}],"collection":[{"href":"https:\/\/foodiesdarkitchen.com\/index.php\/wp-json\/wp\/v2\/pages"}],"about":[{"href":"https:\/\/foodiesdarkitchen.com\/index.php\/wp-json\/wp\/v2\/types\/page"}],"author":[{"embeddable":true,"href":"https:\/\/foodiesdarkitchen.com\/index.php\/wp-json\/wp\/v2\/users\/1"}],"replies":[{"embeddable":true,"href":"https:\/\/foodiesdarkitchen.com\/index.php\/wp-json\/wp\/v2\/comments?post=646"}],"version-history":[{"count":10,"href":"https:\/\/foodiesdarkitchen.com\/index.php\/wp-json\/wp\/v2\/pages\/646\/revisions"}],"predecessor-version":[{"id":12031,"href":"https:\/\/foodiesdarkitchen.com\/index.php\/wp-json\/wp\/v2\/pages\/646\/revisions\/12031"}],"wp:attachment":[{"href":"https:\/\/foodiesdarkitchen.com\/index.php\/wp-json\/wp\/v2\/media?parent=646"}],"curies":[{"name":"wp","href":"https:\/\/api.w.org\/{rel}","templated":true}]}}