{"id":9814,"date":"2021-03-17T12:10:18","date_gmt":"2021-03-17T12:10:18","guid":{"rendered":"http:\/\/dummy.xtemos.com\/woodmart-elementor\/demos\/?page_id=9814"},"modified":"2021-08-21T04:34:21","modified_gmt":"2021-08-21T04:34:21","slug":"about-me-2","status":"publish","type":"page","link":"https:\/\/foodiesdarkitchen.com\/index.php\/about-me-2\/","title":{"rendered":"Nosotros"},"content":{"rendered":"<link rel=\"stylesheet\" id=\"wd-section-title-css\" href=\"http:\/\/foodiesdarkitchen.com\/wp-content\/themes\/woodmart\/css\/parts\/el-section-title.min.css?ver=6.1.4\" type=\"text\/css\" media=\"all\" \/>\n\t\t\t\t\tQUIENES FOODIES\t\t\t\t<\/p>\n<h4>Frescos, caseros, deliciosos<\/h4>\n<p>\t\t\t\t\tNuestros clientes nos definen como la mejor opci\u00f3n para comer en casa y disfrutar de un saz\u00f3n casero y delicioso.<br \/>\n\t\t\t<a  href=\"http:\/\/foodiesdarkitchen.com\/index.php\/shop\/\"><br \/>\n\t\t\t\t\tCOMPRA AHORA<br \/>\n\t\t\t\t\t\t\t<\/a>\n\t\t\t\t\t\t<link rel=\"stylesheet\" id=\"wd-social-icons-css\" href=\"http:\/\/foodiesdarkitchen.com\/wp-content\/themes\/woodmart\/css\/parts\/el-social-icons.min.css?ver=6.1.4\" type=\"text\/css\" media=\"all\" \/>\n\t\t\t\t\t\t\t\t\t<a rel=\"noopener noreferrer nofollow\" href=\"#\" target=\"_blank\"><br \/>\n\t\t\t\t\t\t\t\t\t\t\t<\/a><br \/>\n\t\t\t\t\t\t\t\t\t<a rel=\"noopener noreferrer nofollow\" href=\"#\" target=\"_blank\"><br \/>\n\t\t\t\t\t\t\t\t\t\t\t<\/a><br \/>\n\t\t\t\t\t\t\t\t\t<a rel=\"noopener noreferrer nofollow\" href=\"#\" target=\"_blank\"><br \/>\n\t\t\t\t\t\t\t\t\t\t\t<\/a><br \/>\n\t\t\t\t\t\t\t\t\t<a rel=\"noopener noreferrer nofollow\" href=\"#\" target=\"_blank\"><br \/>\n\t\t\t\t\t\t\t\t\t\t\t<\/a><br \/>\n\t\t\t\t\t\t\t\t\t<a rel=\"noopener noreferrer nofollow\" href=\"#\" target=\"_blank\"><br \/>\n\t\t\t\t\t\t\t\t\t\t\t<\/a><br \/>\n\t\t\t\t\tNuestra experiencia\t\t\t\t<\/p>\n<h4>Tenemos a\u00f1os, recetas y productos <\/h4>\n<p>\t\t\t\t\tQue respaldan la garant\u00eda de nuestro saz\u00f3n\n\t\t\t\t\t\t<link rel=\"stylesheet\" id=\"wd-info-box-css\" href=\"http:\/\/foodiesdarkitchen.com\/wp-content\/themes\/woodmart\/css\/parts\/el-info-box.min.css?ver=6.1.4\" type=\"text\/css\" media=\"all\" \/>\n\t\t\t\t\t\t\t\t\t\t\t\t\t\t\t7\t\t\t\t\t\t\t\t\t\t\t\t\t<\/p>\n<h4\t\t\t\t\t\tclass=\"info-box-title title box-title-style-default wd-fontsize-m\" data-elementor-setting-key=\"title\">\n\t\t\t\t\t\t\t\tA\u00f1os de experiencia \t\t\t\t\t\t<\/h4>\n<p>Cocinando, entregando y haciendo caras felices.\u00a0\u00a0<\/p>\n<p>\t\t\t\t\t\t\t\t\t\t\t\t\t\t\t1500+\t\t\t\t\t\t\t\t\t\t\t\t\t<\/p>\n<h4\t\t\t\t\t\tclass=\"info-box-title title box-title-style-default wd-fontsize-m\" data-elementor-setting-key=\"title\">\n\t\t\t\t\t\t\t\tClientes felices\t\t\t\t\t\t<\/h4>\n<p>Tenemos clientes en todo el pa\u00eds que conocen nuestro distintivo saz\u00f3n y calidad. \u00a1Que esperas!<\/p>\n<p>\t\t\t\t\t\t\t\t\t\t\t\t\t\t\t150+\t\t\t\t\t\t\t\t\t\t\t\t\t<\/p>\n<h4\t\t\t\t\t\tclass=\"info-box-title title box-title-style-default wd-fontsize-m\" data-elementor-setting-key=\"title\">\n\t\t\t\t\t\t\t\tRecetas\t\t\t\t\t\t<\/h4>\n<p>Un variado menu de recetas que nos distinguen. Conoce todas las opciones en la p\u00e1gina &#8220;tienda&#8221;<\/p>\n<h4>&#8220;Mi pasi\u00f3n es la transmisi\u00f3n del saber. Es decir: formar a colaboradores profesionales, a quienes doy la posici\u00f3n de jefe de cocina o de director&#8221;<\/h4>\n<h6>Por Alain Ducasse<\/h6>\n<p>\u00a0<br \/>\n\t\t\t\t\t\t\t\t\t\t\t\t\t\t\t<img decoding=\"async\" src=\"http:\/\/foodiesdarkitchen.com\/wp-content\/uploads\/2021\/03\/w-autog.svg\" title=\"w-autog\" alt=\"w-autog\" \/><br \/>\n\t\t\t\t\t\t\t\t\t\t\t\t\t\t\t<img decoding=\"async\" width=\"1170\" height=\"1560\" src=\"http:\/\/foodiesdarkitchen.com\/wp-content\/uploads\/2021\/08\/1366_2000.jpeg\" alt=\"\" loading=\"lazy\" srcset=\"http:\/\/foodiesdarkitchen.com\/wp-content\/uploads\/2021\/08\/1366_2000.jpeg 1170w, http:\/\/foodiesdarkitchen.com\/wp-content\/uploads\/2021\/08\/1366_2000-225x300.jpeg 225w, http:\/\/foodiesdarkitchen.com\/wp-content\/uploads\/2021\/08\/1366_2000-768x1024.jpeg 768w, http:\/\/foodiesdarkitchen.com\/wp-content\/uploads\/2021\/08\/1366_2000-1152x1536.jpeg 1152w, http:\/\/foodiesdarkitchen.com\/wp-content\/uploads\/2021\/08\/1366_2000-150x200.jpeg 150w\" sizes=\"(max-width: 1170px) 100vw, 1170px\" \/><br \/>\n\t\t\t\t\tNuestro compromiso habla\t\t\t\t<\/p>\n<h4>Clientes satisfechos<\/h4>\n<p>\t\t\t\t\tA client that&#8217;s unhappy for a reason is a problem, a client that&#8217;s unhappy though he or her can&#8217;t quite put a finger on it is worse.\n\t\t\t\t\t\t<link rel=\"stylesheet\" id=\"wd-owl-carousel-css\" href=\"http:\/\/foodiesdarkitchen.com\/wp-content\/themes\/woodmart\/css\/parts\/lib-owl-carousel.min.css?ver=6.1.4\" type=\"text\/css\" media=\"all\" \/> \t\t\t\t\t\t<link rel=\"stylesheet\" id=\"wd-testimonial-old-css\" href=\"http:\/\/foodiesdarkitchen.com\/wp-content\/themes\/woodmart\/css\/parts\/el-testimonial-old.min.css?ver=6.1.4\" type=\"text\/css\" media=\"all\" \/>\n\t\t\t\t<img decoding=\"async\" src=\"http:\/\/foodiesdarkitchen.com\/wp-content\/uploads\/elementor\/thumbs\/w-about-me-t-2-opt-1-pb14jcxqewlcvz6ri5sk1rsg3hsal7e4ptk6vs07wg.jpg\">\t\t\t<\/p>\n<p>Foodies me ha facilitado la vida, soy clienta desde hace m\u00e1s de 2 a\u00f1os<\/p>\n<footer>\n\t\t\t\tAngelica Silva<br \/>\n\t\t\t\t\t\tMadre de familia<br \/>\n\t\t\t\t\t\t\t<\/footer>\n<p>\t\t\t\t<img decoding=\"async\" src=\"http:\/\/foodiesdarkitchen.com\/wp-content\/uploads\/2021\/03\/w-about-me-t-2-opt.jpg\">\t\t\t<\/p>\n<p>Me encanta Foodies, la presentaci\u00f3n de los productos, la calidad y rapidez.\u00a0<\/p>\n<footer>\n\t\t\t\tLeopoldo Dumas<br \/>\n\t\t\t\t\t\tChef del Estandarte<br \/>\n\t\t\t\t\t\t\t<\/footer>\n<p>\t\t\t\t<img decoding=\"async\" src=\"http:\/\/foodiesdarkitchen.com\/wp-content\/uploads\/2021\/03\/w-about-me-t-3-opt.jpg\">\t\t\t<\/p>\n<p>Foodies es una empresa comprometida, rica y innovadora. Su m\u00e9todo es genial.\u00a0<\/p>\n<footer>\n\t\t\t\tEduardo Tellez<br \/>\n\t\t\t\t\t\tManager &quot;El Capital&quot;<br \/>\n\t\t\t\t\t\t\t<\/footer>\n<h4>Somos la empresa <\/h4>\n<p>\t\t\t\t\tLider en log\u00edstica y entregas a domicilio. Conoce m\u00e1s de nuestros productos.\u00a0<br \/>\n\t\t\t<a  href=\"http:\/\/foodiesdarkitchen.com\/index.php\/shop\/\"><br \/>\n\t\t\t\t\tGOURMETLOGISTIC<br \/>\n\t\t\t\t\t\t\t<\/a><\/p>\n","protected":false},"excerpt":{"rendered":"<p>QUIENES FOODIES Frescos, caseros, deliciosos Nuestros clientes nos definen como la mejor opci\u00f3n para comer en casa y disfrutar de<\/p>\n","protected":false},"author":1,"featured_media":0,"parent":0,"menu_order":0,"comment_status":"closed","ping_status":"closed","template":"","meta":{"om_disable_all_campaigns":false,"_monsterinsights_skip_tracking":false,"_monsterinsights_sitenote_active":false,"_monsterinsights_sitenote_note":"","_monsterinsights_sitenote_category":0,"footnotes":""},"_links":{"self":[{"href":"https:\/\/foodiesdarkitchen.com\/index.php\/wp-json\/wp\/v2\/pages\/9814"}],"collection":[{"href":"https:\/\/foodiesdarkitchen.com\/index.php\/wp-json\/wp\/v2\/pages"}],"about":[{"href":"https:\/\/foodiesdarkitchen.com\/index.php\/wp-json\/wp\/v2\/types\/page"}],"author":[{"embeddable":true,"href":"https:\/\/foodiesdarkitchen.com\/index.php\/wp-json\/wp\/v2\/users\/1"}],"replies":[{"embeddable":true,"href":"https:\/\/foodiesdarkitchen.com\/index.php\/wp-json\/wp\/v2\/comments?post=9814"}],"version-history":[{"count":19,"href":"https:\/\/foodiesdarkitchen.com\/index.php\/wp-json\/wp\/v2\/pages\/9814\/revisions"}],"predecessor-version":[{"id":12071,"href":"https:\/\/foodiesdarkitchen.com\/index.php\/wp-json\/wp\/v2\/pages\/9814\/revisions\/12071"}],"wp:attachment":[{"href":"https:\/\/foodiesdarkitchen.com\/index.php\/wp-json\/wp\/v2\/media?parent=9814"}],"curies":[{"name":"wp","href":"https:\/\/api.w.org\/{rel}","templated":true}]}}