{"id":12021,"date":"2021-08-21T03:56:58","date_gmt":"2021-08-21T03:56:58","guid":{"rendered":"http:\/\/foodiesdarkitchen.com\/?post_type=product&#038;p=12021"},"modified":"2021-08-21T03:57:14","modified_gmt":"2021-08-21T03:57:14","slug":"cubos-de-atun-aleta-amarilla","status":"publish","type":"product","link":"https:\/\/foodiesdarkitchen.com\/index.php\/product\/cubos-de-atun-aleta-amarilla\/","title":{"rendered":"Cubos de At\u00fan Aleta Amarilla"},"content":{"rendered":"<p>Los Cubos de At\u00fan Aleta Amarilla se obtienen a partir del corte cuidadoso y uniforme del lomo, la parte m\u00e1s suculenta y carnosa del at\u00fan. Este delicioso pescado es una de las m\u00e1s grandes fuentes de vitaminas fundamentales para mantener una nutrici\u00f3n balanceada, es un alimento recomendado y de uso frecuente programas de alimentaci\u00f3n sana. Estos cubitos son ideales para preparar tartar de at\u00fan, ceviches o platos calientes como tortillas de at\u00fan a la mexicana.<\/p>\n","protected":false},"excerpt":{"rendered":"<p>Los Cubos de At\u00fan Aleta Amarilla se obtienen a partir del corte cuidadoso y uniforme del lomo, la parte m\u00e1s<\/p>\n","protected":false},"featured_media":12022,"comment_status":"open","ping_status":"closed","template":"","meta":{"om_disable_all_campaigns":false,"_monsterinsights_skip_tracking":false,"_monsterinsights_sitenote_active":false,"_monsterinsights_sitenote_note":"","_monsterinsights_sitenote_category":0},"product_cat":[37],"product_tag":[],"_links":{"self":[{"href":"https:\/\/foodiesdarkitchen.com\/index.php\/wp-json\/wp\/v2\/product\/12021"}],"collection":[{"href":"https:\/\/foodiesdarkitchen.com\/index.php\/wp-json\/wp\/v2\/product"}],"about":[{"href":"https:\/\/foodiesdarkitchen.com\/index.php\/wp-json\/wp\/v2\/types\/product"}],"replies":[{"embeddable":true,"href":"https:\/\/foodiesdarkitchen.com\/index.php\/wp-json\/wp\/v2\/comments?post=12021"}],"wp:featuredmedia":[{"embeddable":true,"href":"https:\/\/foodiesdarkitchen.com\/index.php\/wp-json\/wp\/v2\/media\/12022"}],"wp:attachment":[{"href":"https:\/\/foodiesdarkitchen.com\/index.php\/wp-json\/wp\/v2\/media?parent=12021"}],"wp:term":[{"taxonomy":"product_cat","embeddable":true,"href":"https:\/\/foodiesdarkitchen.com\/index.php\/wp-json\/wp\/v2\/product_cat?post=12021"},{"taxonomy":"product_tag","embeddable":true,"href":"https:\/\/foodiesdarkitchen.com\/index.php\/wp-json\/wp\/v2\/product_tag?post=12021"}],"curies":[{"name":"wp","href":"https:\/\/api.w.org\/{rel}","templated":true}]}}