{"id":45,"date":"2017-06-14T08:22:56","date_gmt":"2017-06-14T08:22:56","guid":{"rendered":"http:\/\/dummy.xtemos.com\/woodmart-elementor\/?post_type=product&#038;p=45"},"modified":"2021-08-21T03:37:01","modified_gmt":"2021-08-21T03:37:01","slug":"smart-watches-wood-edition","status":"publish","type":"product","link":"https:\/\/foodiesdarkitchen.com\/index.php\/product\/smart-watches-wood-edition\/","title":{"rendered":"New york"},"content":{"rendered":"<p>Cubilia vestibulum interdum nisl a parturient a auctor vestibulum taciti vel bibendum tempor adipiscing suspendisse posuere libero penatibus<\/p>\n","protected":false},"excerpt":{"rendered":"<p>El New York de Res\u00a0 se caracteriza por su suavidad, marmoleado y su rico sabor. La ventaja de este corte radica en que se cocina de manera r\u00e1pida y uniforme, por lo que es f\u00e1cil incluso para un chef aficionado. Recomendamos una preparaci\u00f3n simple para dejar que resalten sus sabores naturales&#8230; \u00dantalo con un poco de mantequilla, saz\u00f3nalo con una pizca de sal marina y pimienta reci\u00e9n molida.<\/p>\n","protected":false},"featured_media":11990,"comment_status":"open","ping_status":"closed","template":"","meta":{"om_disable_all_campaigns":false,"_monsterinsights_skip_tracking":false,"_monsterinsights_sitenote_active":false,"_monsterinsights_sitenote_note":"","_monsterinsights_sitenote_category":0},"product_cat":[26],"product_tag":[],"_links":{"self":[{"href":"https:\/\/foodiesdarkitchen.com\/index.php\/wp-json\/wp\/v2\/product\/45"}],"collection":[{"href":"https:\/\/foodiesdarkitchen.com\/index.php\/wp-json\/wp\/v2\/product"}],"about":[{"href":"https:\/\/foodiesdarkitchen.com\/index.php\/wp-json\/wp\/v2\/types\/product"}],"replies":[{"embeddable":true,"href":"https:\/\/foodiesdarkitchen.com\/index.php\/wp-json\/wp\/v2\/comments?post=45"}],"wp:featuredmedia":[{"embeddable":true,"href":"https:\/\/foodiesdarkitchen.com\/index.php\/wp-json\/wp\/v2\/media\/11990"}],"wp:attachment":[{"href":"https:\/\/foodiesdarkitchen.com\/index.php\/wp-json\/wp\/v2\/media?parent=45"}],"wp:term":[{"taxonomy":"product_cat","embeddable":true,"href":"https:\/\/foodiesdarkitchen.com\/index.php\/wp-json\/wp\/v2\/product_cat?post=45"},{"taxonomy":"product_tag","embeddable":true,"href":"https:\/\/foodiesdarkitchen.com\/index.php\/wp-json\/wp\/v2\/product_tag?post=45"}],"curies":[{"name":"wp","href":"https:\/\/api.w.org\/{rel}","templated":true}]}}