{"id":4400,"date":"2021-10-12T15:51:09","date_gmt":"2021-10-12T15:51:09","guid":{"rendered":"http:\/\/dummy.xtemos.com\/woodmart2\/elementor\/?page_id=4400"},"modified":"2022-06-29T03:17:25","modified_gmt":"2022-06-29T03:17:25","slug":"concentrados","status":"publish","type":"page","link":"https:\/\/foodiesdarkitchen.com\/pruebas\/concentrados\/","title":{"rendered":"Concentrados Naturales"},"content":{"rendered":"<style>\/*! elementor - v3.6.5 - 27-04-2022 *\/\n.elementor-widget-image{text-align:center}.elementor-widget-image a{display:inline-block}.elementor-widget-image a img[src$=\".svg\"]{width:48px}.elementor-widget-image img{vertical-align:middle;display:inline-block}<\/style>\n<p>\t\t\t\t\t\t\t\t\t\t\t\t<img decoding=\"async\" width=\"361\" height=\"300\" src=\"https:\/\/foodiesdarkitchen.com\/pruebas\/wp-content\/uploads\/2021\/08\/LOGO-MOSAICO-CONCENTRADOS-361x300.jpg\" alt=\"\" loading=\"lazy\" srcset=\"https:\/\/foodiesdarkitchen.com\/pruebas\/wp-content\/uploads\/2021\/08\/LOGO-MOSAICO-CONCENTRADOS-361x300.jpg 361w, https:\/\/foodiesdarkitchen.com\/pruebas\/wp-content\/uploads\/2021\/08\/LOGO-MOSAICO-CONCENTRADOS-964x800.jpg 964w, https:\/\/foodiesdarkitchen.com\/pruebas\/wp-content\/uploads\/2021\/08\/LOGO-MOSAICO-CONCENTRADOS-768x637.jpg 768w, https:\/\/foodiesdarkitchen.com\/pruebas\/wp-content\/uploads\/2021\/08\/LOGO-MOSAICO-CONCENTRADOS-1536x1275.jpg 1536w, https:\/\/foodiesdarkitchen.com\/pruebas\/wp-content\/uploads\/2021\/08\/LOGO-MOSAICO-CONCENTRADOS-2048x1700.jpg 2048w, https:\/\/foodiesdarkitchen.com\/pruebas\/wp-content\/uploads\/2021\/08\/LOGO-MOSAICO-CONCENTRADOS-860x714.jpg 860w, https:\/\/foodiesdarkitchen.com\/pruebas\/wp-content\/uploads\/2021\/08\/LOGO-MOSAICO-CONCENTRADOS-430x357.jpg 430w, https:\/\/foodiesdarkitchen.com\/pruebas\/wp-content\/uploads\/2021\/08\/LOGO-MOSAICO-CONCENTRADOS-700x581.jpg 700w, https:\/\/foodiesdarkitchen.com\/pruebas\/wp-content\/uploads\/2021\/08\/LOGO-MOSAICO-CONCENTRADOS-150x124.jpg 150w\" sizes=\"auto, (max-width: 361px) 100vw, 361px\" \/>\t\t\t\t\t\t\t\t\t\t\t\t\t\t\t<\/p>\n<style>\/*! elementor - v3.6.5 - 27-04-2022 *\/\n.e-container.e-container--row .elementor-spacer-inner{width:var(--spacer-size)}.e-container.e-container--column .elementor-spacer-inner,.elementor-column .elementor-spacer-inner{height:var(--spacer-size)}<\/style>\n<link rel=\"stylesheet\" id=\"wd-info-box-css\" href=\"https:\/\/foodiesdarkitchen.com\/pruebas\/wp-content\/themes\/woodmart\/css\/parts\/el-info-box.min.css?ver=6.4.2\" type=\"text\/css\" media=\"all\" \/>\n<h4\t\t\t\t\t\tclass=\"info-box-title title box-title-style-underlined wd-fontsize-m\" data-elementor-setting-key=\"title\">\n\t\t\t\t\t\t\t\tRENDIMIENTO\t\t\t\t\t\t<\/h4>\n<p>1 + 7 = 8 litros.\u00a0<\/p>\n<h4\t\t\t\t\t\tclass=\"info-box-title title box-title-style-underlined wd-fontsize-m\" data-elementor-setting-key=\"title\">\n\t\t\t\t\t\t\t\tUSOS\t\t\t\t\t\t<\/h4>\n<p>Aguas de Sabor, Cocteler\u00eda<br \/>y Reposter\u00eda<\/p>\n<p>\t\t\t<a href=\"https:\/\/foodiesdarkitchen.com\/pruebas\/wp-content\/uploads\/2022\/06\/concentrados.pdf\" role=\"button\"><br \/>\n\t\t\t\t\t\tDescargar Broucher<br \/>\n\t\t\t\t\t<\/a><\/p>\n<h4\t\t\t\t\t\tclass=\"info-box-title title box-title-style-underlined wd-fontsize-m\" data-elementor-setting-key=\"title\">\n\t\t\t\t\t\t\t\tPRESENTACI\u00d3N\t\t\t\t\t\t<\/h4>\n<p>1 litro, caja con 12 piezas<\/p>\n<h4\t\t\t\t\t\tclass=\"info-box-title title box-title-style-underlined wd-fontsize-m\" data-elementor-setting-key=\"title\">\n\t\t\t\t\t\t\t\tIDEALES PARA\t\t\t\t\t\t<\/h4>\n<p>\t\t\t\t\t\t\t\t\t\t\t\t\t\t\t<img decoding=\"async\" width=\"1062\" height=\"234\" src=\"https:\/\/foodiesdarkitchen.com\/pruebas\/wp-content\/uploads\/2022\/06\/Captura-de-Pantalla-2022-06-14-a-las-0.53.38.png\" alt=\"\" loading=\"lazy\" srcset=\"https:\/\/foodiesdarkitchen.com\/pruebas\/wp-content\/uploads\/2022\/06\/Captura-de-Pantalla-2022-06-14-a-las-0.53.38.png 1062w, https:\/\/foodiesdarkitchen.com\/pruebas\/wp-content\/uploads\/2022\/06\/Captura-de-Pantalla-2022-06-14-a-las-0.53.38-400x88.png 400w, https:\/\/foodiesdarkitchen.com\/pruebas\/wp-content\/uploads\/2022\/06\/Captura-de-Pantalla-2022-06-14-a-las-0.53.38-768x169.png 768w, https:\/\/foodiesdarkitchen.com\/pruebas\/wp-content\/uploads\/2022\/06\/Captura-de-Pantalla-2022-06-14-a-las-0.53.38-860x189.png 860w, https:\/\/foodiesdarkitchen.com\/pruebas\/wp-content\/uploads\/2022\/06\/Captura-de-Pantalla-2022-06-14-a-las-0.53.38-430x95.png 430w, https:\/\/foodiesdarkitchen.com\/pruebas\/wp-content\/uploads\/2022\/06\/Captura-de-Pantalla-2022-06-14-a-las-0.53.38-700x154.png 700w, https:\/\/foodiesdarkitchen.com\/pruebas\/wp-content\/uploads\/2022\/06\/Captura-de-Pantalla-2022-06-14-a-las-0.53.38-150x33.png 150w\" sizes=\"auto, (max-width: 1062px) 100vw, 1062px\" \/>\t\t\t\t\t\t\t\t\t\t\t\t\t\t\t<\/p>\n<h4\t\t\t\t\t\tclass=\"info-box-title title box-title-style-underlined wd-fontsize-m\" data-elementor-setting-key=\"title\">\n\t\t\t\t\t\t\t\tVENTAJAS COMPETITIVAS\t\t\t\t\t\t<\/h4>\n<p>\u2022 Fabricados con Ingredientes Naturales<\/p>\n<p>\u2022 No requieren a\u00f1adirle ingredientes adicionales<\/p>\n<p><em>Una vez abierto, se recomienda mantenerlo en refrigeraci\u00f3n.<\/em><\/p>\n<p>\t\t\t\t\t\t\t\t<img decoding=\"async\" src=\"https:\/\/foodiesdarkitchen.com\/pruebas\/wp-content\/uploads\/elementor\/thumbs\/Jamaica-3-scaled-ppebb7nolcv54ar0y8ka2b73q69oewxbyg7e4krog8.jpg\" title=\"Jamaica-3\" alt=\"Jamaica-3\" \/>\t\t\t\t\t<\/p>\n<h4\t\t\t\t\t\tclass=\"info-box-title title box-title-style-underlined wd-fontsize-m\" data-elementor-setting-key=\"title\">\n\t\t\t\t\t\t\t\tRENDIMIENTO\t\t\t\t\t\t<\/h4>\n<p>1 + 7 = 8 litros.\u00a0<\/p>\n<h4\t\t\t\t\t\tclass=\"info-box-title title box-title-style-underlined wd-fontsize-m\" data-elementor-setting-key=\"title\">\n\t\t\t\t\t\t\t\tUSOS\t\t\t\t\t\t<\/h4>\n<p>Aguas de Sabor, Cocteler\u00eda<br \/>y Reposter\u00eda<\/p>\n<p>\t\t\t<a href=\"https:\/\/foodiesdarkitchen.com\/pruebas\/wp-content\/uploads\/2022\/06\/concentrados.pdf\" role=\"button\"><br \/>\n\t\t\t\t\t\tDescargar Broucher<br \/>\n\t\t\t\t\t<\/a><\/p>\n<h4\t\t\t\t\t\tclass=\"info-box-title title box-title-style-underlined wd-fontsize-m\" data-elementor-setting-key=\"title\">\n\t\t\t\t\t\t\t\tPRESENTACI\u00d3N\t\t\t\t\t\t<\/h4>\n<p>1 litro, caja con 12 piezas<\/p>\n<h4\t\t\t\t\t\tclass=\"info-box-title title box-title-style-underlined wd-fontsize-m\" data-elementor-setting-key=\"title\">\n\t\t\t\t\t\t\t\tIDEALES PARA\t\t\t\t\t\t<\/h4>\n<p>\t\t\t\t\t\t\t\t\t\t\t\t\t\t\t<img decoding=\"async\" width=\"1062\" height=\"234\" src=\"https:\/\/foodiesdarkitchen.com\/pruebas\/wp-content\/uploads\/2022\/06\/Captura-de-Pantalla-2022-06-14-a-las-0.53.38.png\" alt=\"\" loading=\"lazy\" srcset=\"https:\/\/foodiesdarkitchen.com\/pruebas\/wp-content\/uploads\/2022\/06\/Captura-de-Pantalla-2022-06-14-a-las-0.53.38.png 1062w, https:\/\/foodiesdarkitchen.com\/pruebas\/wp-content\/uploads\/2022\/06\/Captura-de-Pantalla-2022-06-14-a-las-0.53.38-400x88.png 400w, https:\/\/foodiesdarkitchen.com\/pruebas\/wp-content\/uploads\/2022\/06\/Captura-de-Pantalla-2022-06-14-a-las-0.53.38-768x169.png 768w, https:\/\/foodiesdarkitchen.com\/pruebas\/wp-content\/uploads\/2022\/06\/Captura-de-Pantalla-2022-06-14-a-las-0.53.38-860x189.png 860w, https:\/\/foodiesdarkitchen.com\/pruebas\/wp-content\/uploads\/2022\/06\/Captura-de-Pantalla-2022-06-14-a-las-0.53.38-430x95.png 430w, https:\/\/foodiesdarkitchen.com\/pruebas\/wp-content\/uploads\/2022\/06\/Captura-de-Pantalla-2022-06-14-a-las-0.53.38-700x154.png 700w, https:\/\/foodiesdarkitchen.com\/pruebas\/wp-content\/uploads\/2022\/06\/Captura-de-Pantalla-2022-06-14-a-las-0.53.38-150x33.png 150w\" sizes=\"auto, (max-width: 1062px) 100vw, 1062px\" \/>\t\t\t\t\t\t\t\t\t\t\t\t\t\t\t<\/p>\n<h4\t\t\t\t\t\tclass=\"info-box-title title box-title-style-underlined wd-fontsize-m\" data-elementor-setting-key=\"title\">\n\t\t\t\t\t\t\t\tVENTAJAS COMPETITIVAS\t\t\t\t\t\t<\/h4>\n<p>\u2022 Fabricados con Ingredientes Naturales<\/p>\n<p>\u2022 No requieren a\u00f1adirle ingredientes adicionales<\/p>\n<p><em>Una vez abierto, se recomienda mantenerlo en refrigeraci\u00f3n.<\/em><\/p>\n<p>\t\t\t\t\t\t\t\t<img decoding=\"async\" src=\"https:\/\/foodiesdarkitchen.com\/pruebas\/wp-content\/uploads\/elementor\/thumbs\/Jamaica-3-scaled-ppebb7nolcv54ar0y8ka2b73q69oewxbyg7e4krog8.jpg\" title=\"Jamaica-3\" alt=\"Jamaica-3\" \/><br \/>\n\t\t\t\t\t\t\t\t<img decoding=\"async\" width=\"2560\" height=\"1707\" src=\"https:\/\/foodiesdarkitchen.com\/pruebas\/wp-content\/uploads\/2022\/06\/shutterstock_1154148727-1-scaled.jpg\" alt=\"\" loading=\"lazy\" srcset=\"https:\/\/foodiesdarkitchen.com\/pruebas\/wp-content\/uploads\/2022\/06\/shutterstock_1154148727-1-scaled.jpg 2560w, https:\/\/foodiesdarkitchen.com\/pruebas\/wp-content\/uploads\/2022\/06\/shutterstock_1154148727-1-400x267.jpg 400w, https:\/\/foodiesdarkitchen.com\/pruebas\/wp-content\/uploads\/2022\/06\/shutterstock_1154148727-1-1200x800.jpg 1200w, https:\/\/foodiesdarkitchen.com\/pruebas\/wp-content\/uploads\/2022\/06\/shutterstock_1154148727-1-768x512.jpg 768w, https:\/\/foodiesdarkitchen.com\/pruebas\/wp-content\/uploads\/2022\/06\/shutterstock_1154148727-1-1536x1024.jpg 1536w, https:\/\/foodiesdarkitchen.com\/pruebas\/wp-content\/uploads\/2022\/06\/shutterstock_1154148727-1-2048x1365.jpg 2048w, https:\/\/foodiesdarkitchen.com\/pruebas\/wp-content\/uploads\/2022\/06\/shutterstock_1154148727-1-860x573.jpg 860w, https:\/\/foodiesdarkitchen.com\/pruebas\/wp-content\/uploads\/2022\/06\/shutterstock_1154148727-1-430x287.jpg 430w, https:\/\/foodiesdarkitchen.com\/pruebas\/wp-content\/uploads\/2022\/06\/shutterstock_1154148727-1-700x467.jpg 700w, https:\/\/foodiesdarkitchen.com\/pruebas\/wp-content\/uploads\/2022\/06\/shutterstock_1154148727-1-150x100.jpg 150w\" sizes=\"auto, (max-width: 2560px) 100vw, 2560px\" \/><br \/>\n\t\t\t\t\t\t\t\t<img decoding=\"async\" width=\"400\" height=\"267\" src=\"https:\/\/foodiesdarkitchen.com\/pruebas\/wp-content\/uploads\/2022\/06\/shutterstock_1145776214-400x267.jpg\" alt=\"\" loading=\"lazy\" srcset=\"https:\/\/foodiesdarkitchen.com\/pruebas\/wp-content\/uploads\/2022\/06\/shutterstock_1145776214-400x267.jpg 400w, https:\/\/foodiesdarkitchen.com\/pruebas\/wp-content\/uploads\/2022\/06\/shutterstock_1145776214-1200x800.jpg 1200w, https:\/\/foodiesdarkitchen.com\/pruebas\/wp-content\/uploads\/2022\/06\/shutterstock_1145776214-768x512.jpg 768w, https:\/\/foodiesdarkitchen.com\/pruebas\/wp-content\/uploads\/2022\/06\/shutterstock_1145776214-1536x1024.jpg 1536w, https:\/\/foodiesdarkitchen.com\/pruebas\/wp-content\/uploads\/2022\/06\/shutterstock_1145776214-2048x1365.jpg 2048w, https:\/\/foodiesdarkitchen.com\/pruebas\/wp-content\/uploads\/2022\/06\/shutterstock_1145776214-860x573.jpg 860w, https:\/\/foodiesdarkitchen.com\/pruebas\/wp-content\/uploads\/2022\/06\/shutterstock_1145776214-430x287.jpg 430w, https:\/\/foodiesdarkitchen.com\/pruebas\/wp-content\/uploads\/2022\/06\/shutterstock_1145776214-700x467.jpg 700w, https:\/\/foodiesdarkitchen.com\/pruebas\/wp-content\/uploads\/2022\/06\/shutterstock_1145776214-150x100.jpg 150w\" sizes=\"auto, (max-width: 400px) 100vw, 400px\" \/><br \/>\n\t\t\t\t\t\t\t\t<img decoding=\"async\" width=\"2560\" height=\"1707\" src=\"https:\/\/foodiesdarkitchen.com\/pruebas\/wp-content\/uploads\/2022\/06\/shutterstock_1152533930-scaled.jpg\" alt=\"\" loading=\"lazy\" srcset=\"https:\/\/foodiesdarkitchen.com\/pruebas\/wp-content\/uploads\/2022\/06\/shutterstock_1152533930-scaled.jpg 2560w, https:\/\/foodiesdarkitchen.com\/pruebas\/wp-content\/uploads\/2022\/06\/shutterstock_1152533930-400x267.jpg 400w, https:\/\/foodiesdarkitchen.com\/pruebas\/wp-content\/uploads\/2022\/06\/shutterstock_1152533930-1200x800.jpg 1200w, https:\/\/foodiesdarkitchen.com\/pruebas\/wp-content\/uploads\/2022\/06\/shutterstock_1152533930-768x512.jpg 768w, https:\/\/foodiesdarkitchen.com\/pruebas\/wp-content\/uploads\/2022\/06\/shutterstock_1152533930-1536x1024.jpg 1536w, https:\/\/foodiesdarkitchen.com\/pruebas\/wp-content\/uploads\/2022\/06\/shutterstock_1152533930-2048x1365.jpg 2048w, https:\/\/foodiesdarkitchen.com\/pruebas\/wp-content\/uploads\/2022\/06\/shutterstock_1152533930-860x573.jpg 860w, https:\/\/foodiesdarkitchen.com\/pruebas\/wp-content\/uploads\/2022\/06\/shutterstock_1152533930-430x287.jpg 430w, https:\/\/foodiesdarkitchen.com\/pruebas\/wp-content\/uploads\/2022\/06\/shutterstock_1152533930-700x467.jpg 700w, https:\/\/foodiesdarkitchen.com\/pruebas\/wp-content\/uploads\/2022\/06\/shutterstock_1152533930-150x100.jpg 150w\" sizes=\"auto, (max-width: 2560px) 100vw, 2560px\" \/>\t\t\t\t\t<\/p>\n<style>\/*! elementor - v3.6.5 - 27-04-2022 *\/\n.elementor-heading-title{padding:0;margin:0;line-height:1}.elementor-widget-heading .elementor-heading-title[class*=elementor-size-]>a{color:inherit;font-size:inherit;line-height:inherit}.elementor-widget-heading .elementor-heading-title.elementor-size-small{font-size:15px}.elementor-widget-heading .elementor-heading-title.elementor-size-medium{font-size:19px}.elementor-widget-heading .elementor-heading-title.elementor-size-large{font-size:29px}.elementor-widget-heading .elementor-heading-title.elementor-size-xl{font-size:39px}.elementor-widget-heading .elementor-heading-title.elementor-size-xxl{font-size:59px}<\/style>\n<h1>Sabores<\/h1>\n<p>\t\t\t\t\t\t\t\t<img decoding=\"async\" width=\"1709\" height=\"2560\" src=\"https:\/\/foodiesdarkitchen.com\/pruebas\/wp-content\/uploads\/2022\/06\/Jamaica-3-scaled.jpg\" alt=\"\" loading=\"lazy\" srcset=\"https:\/\/foodiesdarkitchen.com\/pruebas\/wp-content\/uploads\/2022\/06\/Jamaica-3-scaled.jpg 1709w, https:\/\/foodiesdarkitchen.com\/pruebas\/wp-content\/uploads\/2022\/06\/Jamaica-3-200x300.jpg 200w, https:\/\/foodiesdarkitchen.com\/pruebas\/wp-content\/uploads\/2022\/06\/Jamaica-3-534x800.jpg 534w, https:\/\/foodiesdarkitchen.com\/pruebas\/wp-content\/uploads\/2022\/06\/Jamaica-3-768x1151.jpg 768w, https:\/\/foodiesdarkitchen.com\/pruebas\/wp-content\/uploads\/2022\/06\/Jamaica-3-1025x1536.jpg 1025w, https:\/\/foodiesdarkitchen.com\/pruebas\/wp-content\/uploads\/2022\/06\/Jamaica-3-1367x2048.jpg 1367w, https:\/\/foodiesdarkitchen.com\/pruebas\/wp-content\/uploads\/2022\/06\/Jamaica-3-860x1288.jpg 860w, https:\/\/foodiesdarkitchen.com\/pruebas\/wp-content\/uploads\/2022\/06\/Jamaica-3-430x644.jpg 430w, https:\/\/foodiesdarkitchen.com\/pruebas\/wp-content\/uploads\/2022\/06\/Jamaica-3-700x1049.jpg 700w, https:\/\/foodiesdarkitchen.com\/pruebas\/wp-content\/uploads\/2022\/06\/Jamaica-3-150x225.jpg 150w\" sizes=\"auto, (max-width: 1709px) 100vw, 1709px\" \/>\t\t\t\t\t<\/p>\n<h2>Jamaica fabricada<br \/>\ncon flor natural<\/h2>\n<h5>Ya viene endulzado<\/h5>\n<p>\t\t\t\t\t\t\t\t\t\t\t\t\t\t\t<img decoding=\"async\" width=\"768\" height=\"1151\" src=\"https:\/\/foodiesdarkitchen.com\/pruebas\/wp-content\/uploads\/2022\/06\/Horchata-2-768x1151.jpg\" alt=\"\" loading=\"lazy\" srcset=\"https:\/\/foodiesdarkitchen.com\/pruebas\/wp-content\/uploads\/2022\/06\/Horchata-2-768x1151.jpg 768w, https:\/\/foodiesdarkitchen.com\/pruebas\/wp-content\/uploads\/2022\/06\/Horchata-2-200x300.jpg 200w, https:\/\/foodiesdarkitchen.com\/pruebas\/wp-content\/uploads\/2022\/06\/Horchata-2-534x800.jpg 534w, https:\/\/foodiesdarkitchen.com\/pruebas\/wp-content\/uploads\/2022\/06\/Horchata-2-1025x1536.jpg 1025w, https:\/\/foodiesdarkitchen.com\/pruebas\/wp-content\/uploads\/2022\/06\/Horchata-2-1367x2048.jpg 1367w, https:\/\/foodiesdarkitchen.com\/pruebas\/wp-content\/uploads\/2022\/06\/Horchata-2-860x1288.jpg 860w, https:\/\/foodiesdarkitchen.com\/pruebas\/wp-content\/uploads\/2022\/06\/Horchata-2-430x644.jpg 430w, https:\/\/foodiesdarkitchen.com\/pruebas\/wp-content\/uploads\/2022\/06\/Horchata-2-700x1049.jpg 700w, https:\/\/foodiesdarkitchen.com\/pruebas\/wp-content\/uploads\/2022\/06\/Horchata-2-150x225.jpg 150w, https:\/\/foodiesdarkitchen.com\/pruebas\/wp-content\/uploads\/2022\/06\/Horchata-2-scaled.jpg 1709w\" sizes=\"auto, (max-width: 768px) 100vw, 768px\" \/>\t\t\t\t\t\t\t\t\t\t\t\t\t\t\t<\/p>\n<h2>Horchata de arroz,<br \/>\ncanela y vainillina.<\/h2>\n<h5>Fabricada en molino<\/h5>\n<p>\t\t\t\t\t\t\t\t\t\t\t\t\t\t\t<img decoding=\"async\" width=\"534\" height=\"800\" src=\"https:\/\/foodiesdarkitchen.com\/pruebas\/wp-content\/uploads\/2022\/05\/Tamarindo-5-534x800.jpg\" alt=\"\" loading=\"lazy\" srcset=\"https:\/\/foodiesdarkitchen.com\/pruebas\/wp-content\/uploads\/2022\/05\/Tamarindo-5-534x800.jpg 534w, https:\/\/foodiesdarkitchen.com\/pruebas\/wp-content\/uploads\/2022\/05\/Tamarindo-5-200x300.jpg 200w, https:\/\/foodiesdarkitchen.com\/pruebas\/wp-content\/uploads\/2022\/05\/Tamarindo-5-768x1151.jpg 768w, https:\/\/foodiesdarkitchen.com\/pruebas\/wp-content\/uploads\/2022\/05\/Tamarindo-5-1025x1536.jpg 1025w, https:\/\/foodiesdarkitchen.com\/pruebas\/wp-content\/uploads\/2022\/05\/Tamarindo-5-1367x2048.jpg 1367w, https:\/\/foodiesdarkitchen.com\/pruebas\/wp-content\/uploads\/2022\/05\/Tamarindo-5-860x1288.jpg 860w, https:\/\/foodiesdarkitchen.com\/pruebas\/wp-content\/uploads\/2022\/05\/Tamarindo-5-430x644.jpg 430w, https:\/\/foodiesdarkitchen.com\/pruebas\/wp-content\/uploads\/2022\/05\/Tamarindo-5-700x1049.jpg 700w, https:\/\/foodiesdarkitchen.com\/pruebas\/wp-content\/uploads\/2022\/05\/Tamarindo-5-150x225.jpg 150w, https:\/\/foodiesdarkitchen.com\/pruebas\/wp-content\/uploads\/2022\/05\/Tamarindo-5-scaled.jpg 1709w\" sizes=\"auto, (max-width: 534px) 100vw, 534px\" \/>\t\t\t\t\t\t\t\t\t\t\t\t\t\t\t<\/p>\n<h2>Tamarindo fabricado<br \/>\ncon pulpa natural<\/h2>\n<h5>Ya viene endulzado<\/h5>\n","protected":false},"excerpt":{"rendered":"<p>RENDIMIENTO 1 + 7 = 8 litros.\u00a0 USOS Aguas de Sabor, Cocteler\u00eday Reposter\u00eda Descargar Broucher PRESENTACI\u00d3N 1 litro, caja con<\/p>\n","protected":false},"author":1,"featured_media":0,"parent":0,"menu_order":0,"comment_status":"closed","ping_status":"closed","template":"","meta":{"footnotes":""},"class_list":["post-4400","page","type-page","status-publish","hentry"],"_links":{"self":[{"href":"https:\/\/foodiesdarkitchen.com\/pruebas\/wp-json\/wp\/v2\/pages\/4400","targetHints":{"allow":["GET"]}}],"collection":[{"href":"https:\/\/foodiesdarkitchen.com\/pruebas\/wp-json\/wp\/v2\/pages"}],"about":[{"href":"https:\/\/foodiesdarkitchen.com\/pruebas\/wp-json\/wp\/v2\/types\/page"}],"author":[{"embeddable":true,"href":"https:\/\/foodiesdarkitchen.com\/pruebas\/wp-json\/wp\/v2\/users\/1"}],"replies":[{"embeddable":true,"href":"https:\/\/foodiesdarkitchen.com\/pruebas\/wp-json\/wp\/v2\/comments?post=4400"}],"version-history":[{"count":157,"href":"https:\/\/foodiesdarkitchen.com\/pruebas\/wp-json\/wp\/v2\/pages\/4400\/revisions"}],"predecessor-version":[{"id":9821,"href":"https:\/\/foodiesdarkitchen.com\/pruebas\/wp-json\/wp\/v2\/pages\/4400\/revisions\/9821"}],"wp:attachment":[{"href":"https:\/\/foodiesdarkitchen.com\/pruebas\/wp-json\/wp\/v2\/media?parent=4400"}],"curies":[{"name":"wp","href":"https:\/\/api.w.org\/{rel}","templated":true}]}}